{"id":9,"date":"2024-03-25T09:50:59","date_gmt":"2024-03-25T09:50:59","guid":{"rendered":"https:\/\/www.nassjosawblades.se\/?page_id=9"},"modified":"2024-04-23T11:27:51","modified_gmt":"2024-04-23T11:27:51","slug":"start","status":"publish","type":"page","link":"https:\/\/www.nassjosawblades.se\/en\/","title":{"rendered":"Start"},"content":{"rendered":"\n[et_pb_section fb_built=&#8221;1&#8243; fullwidth=&#8221;on&#8221; _builder_version=&#8221;4.24.2&#8243; _module_preset=&#8221;default&#8221; global_colors_info=&#8221;{}&#8221;][et_pb_fullwidth_header title=&#8221;MADE IN SWEDEN&#8221; text_orientation=&#8221;center&#8221; _builder_version=&#8221;4.24.2&#8243; _module_preset=&#8221;default&#8221; title_font=&#8221;|700|||||||&#8221; title_font_size=&#8221;76px&#8221; title_line_height=&#8221;1.2em&#8221; content_font_size=&#8221;27px&#8221; background_enable_color=&#8221;off&#8221; background_image=&#8221;https:\/\/www.nassjosawblades.se\/wp-content\/uploads\/2024\/03\/Nassjosaw_banner.webp&#8221; custom_padding=&#8221;15%||12%||false|false&#8221; title_font_size_tablet=&#8221;76px&#8221; title_font_size_phone=&#8221;54px&#8221; title_font_size_last_edited=&#8221;on|phone&#8221; content_font_size_tablet=&#8221;27px&#8221; content_font_size_phone=&#8221;18px&#8221; content_font_size_last_edited=&#8221;on|phone&#8221; title_text_shadow_style=&#8221;preset1&#8243; content_text_shadow_style=&#8221;preset1&#8243; global_colors_info=&#8221;{}&#8221;]<p>Skr\u00e4ddarsydda klingor tillverkade i N\u00e4ssj\u00f6 sedan 1902.<\/p>[\/et_pb_fullwidth_header][\/et_pb_section][et_pb_section fb_built=&#8221;1&#8243; custom_padding_last_edited=&#8221;on|phone&#8221; _builder_version=&#8221;4.24.2&#8243; _module_preset=&#8221;default&#8221; custom_padding_tablet=&#8221;&#8221; custom_padding_phone=&#8221;5px||||false|false&#8221; global_colors_info=&#8221;{}&#8221;][et_pb_row _builder_version=&#8221;4.24.2&#8243; _module_preset=&#8221;default&#8221; global_colors_info=&#8221;{}&#8221;][et_pb_column type=&#8221;4_4&#8243; _builder_version=&#8221;4.24.2&#8243; _module_preset=&#8221;default&#8221; global_colors_info=&#8221;{}&#8221;][et_pb_text _builder_version=&#8221;4.24.2&#8243; _module_preset=&#8221;c3b1dba1-2065-4721-aca1-4fa00246a9ae&#8221; global_colors_info=&#8221;{}&#8221;]<h3 style=\"text-align: center;\">Med \u00f6ver 100-\u00e5rs erfarenhet av s\u00e5gblad i alla dimensioner besitter vi en gedigen erfarenhet<br \/>\u2013 vilket borgar f\u00f6r h\u00f6gsta kvalitet.<\/h3>\n<p style=\"text-align: center;\">Vi tillverkar konventionella cirkels\u00e5gklingor, bestyckade cirkels\u00e5gklingor, cirkelknivar och tillhandah\u00e5ller hj\u00e4lpverktyg. Samtliga klingor som l\u00e4mnar v\u00e5r produktion har genomg\u00e5tt en avancerad kvalitetskontroll f\u00f6r att s\u00e4kra kvaliteten p\u00e5 klingorna \u2013 inget l\u00e4mnas \u00e5t slumpen.<\/p>[\/et_pb_text][\/et_pb_column][\/et_pb_row][\/et_pb_section][et_pb_section fb_built=&#8221;1&#8243; _builder_version=&#8221;4.24.2&#8243; _module_preset=&#8221;default&#8221; background_color=&#8221;#EEEEEE&#8221; hover_enabled=&#8221;0&#8243; global_colors_info=&#8221;{}&#8221; disabled_on=&#8221;off|off|off&#8221; sticky_enabled=&#8221;0&#8243; custom_padding_last_edited=&#8221;on|phone&#8221; custom_padding_phone=&#8221;0px||0px||false|false&#8221;][et_pb_row _builder_version=&#8221;4.24.2&#8243; _module_preset=&#8221;default&#8221; global_colors_info=&#8221;{}&#8221;][et_pb_column type=&#8221;4_4&#8243; _builder_version=&#8221;4.24.2&#8243; _module_preset=&#8221;default&#8221; global_colors_info=&#8221;{}&#8221;][\/et_pb_column][\/et_pb_row][\/et_pb_section][et_pb_section fb_built=&#8221;1&#8243; _builder_version=&#8221;4.24.2&#8243; _module_preset=&#8221;default&#8221; custom_margin=&#8221;||0px||false|false&#8221; custom_padding=&#8221;0px||0px||false|false&#8221; global_colors_info=&#8221;{}&#8221;][et_pb_row column_structure=&#8221;1_2,1_2&#8243; _builder_version=&#8221;4.24.2&#8243; _module_preset=&#8221;default&#8221; custom_margin=&#8221;||0px||false|false&#8221; custom_padding=&#8221;||0px||false|false&#8221; global_colors_info=&#8221;{}&#8221;][et_pb_column type=&#8221;1_2&#8243; _builder_version=&#8221;4.24.2&#8243; _module_preset=&#8221;default&#8221; custom_padding=&#8221;3%||||false|false&#8221; global_colors_info=&#8221;{}&#8221;][et_pb_text _builder_version=&#8221;4.24.2&#8243; _module_preset=&#8221;default&#8221; global_colors_info=&#8221;{}&#8221;]<h3>Skr\u00e4ddarsydda klingor<\/h3>\n<h2>Efter dina \u00f6nskem\u00e5l<\/h2>\n<p>Nyfikenhet och en str\u00e4van att st\u00e4ndigt utvecklas tillsammans med v\u00e5ra kunder f\u00f6r att l\u00f6sa de olika behov och \u00f6nskem\u00e5l som kan uppst\u00e5, g\u00f6r att vi \u201dskr\u00e4ddarsyr\u201d mycket av v\u00e5ra kunders olika kling-typer. Det har genom \u00e5ren blivit mycket testande och finslipande p\u00e5 olika id\u00e9er som uppst\u00e5tt, n\u00e5got som bland mycket annat lett fram till v\u00e5r omtalade och mycket framg\u00e5ngsrika Frost2-tand.<\/p>[\/et_pb_text][\/et_pb_column][et_pb_column type=&#8221;1_2&#8243; _builder_version=&#8221;4.24.2&#8243; _module_preset=&#8221;default&#8221; global_colors_info=&#8221;{}&#8221;][et_pb_image src=&#8221;https:\/\/www.nassjosawblades.se\/wp-content\/uploads\/2024\/03\/klingor.webp&#8221; title_text=&#8221;klingor&#8221; _builder_version=&#8221;4.24.2&#8243; _module_preset=&#8221;default&#8221; global_colors_info=&#8221;{}&#8221;][\/et_pb_image][\/et_pb_column][\/et_pb_row][\/et_pb_section][et_pb_section fb_built=&#8221;1&#8243; _builder_version=&#8221;4.24.2&#8243; _module_preset=&#8221;default&#8221; use_background_color_gradient=&#8221;on&#8221; background_color_gradient_stops=&#8221;rgba(0,0,0,0.66) 0%|rgba(0,0,0,0.66) 100%&#8221; background_color_gradient_overlays_image=&#8221;on&#8221; background_image=&#8221;https:\/\/www.nassjosawblades.se\/wp-content\/uploads\/2024\/03\/bakgrund_hammare.webp&#8221; parallax=&#8221;on&#8221; custom_padding=&#8221;5%||5%||false|false&#8221; global_colors_info=&#8221;{}&#8221;][et_pb_row _builder_version=&#8221;4.24.2&#8243; _module_preset=&#8221;default&#8221; global_colors_info=&#8221;{}&#8221;][et_pb_column type=&#8221;4_4&#8243; _builder_version=&#8221;4.24.2&#8243; _module_preset=&#8221;default&#8221; global_colors_info=&#8221;{}&#8221;][et_pb_text _builder_version=&#8221;4.24.2&#8243; _module_preset=&#8221;default&#8221; text_text_color=&#8221;#FFFFFF&#8221; header_text_color=&#8221;#FFFFFF&#8221; width=&#8221;75%&#8221; width_tablet=&#8221;75%&#8221; width_phone=&#8221;80%&#8221; width_last_edited=&#8221;on|phone&#8221; header_font_size_tablet=&#8221;&#8221; header_font_size_phone=&#8221;30px&#8221; header_font_size_last_edited=&#8221;on|phone&#8221; global_colors_info=&#8221;{}&#8221;]<h1 style=\"text-align: center;\">\u00d6ver 100 \u00e5rs erfarenhet<\/h1>\n<p style=\"text-align: center;\">N\u00e4ssj\u00f6 S\u00e5gbladsfabrik grundades redan 1902 av Janne Friberg i N\u00e4ssj\u00f6. Idag \u00e4r det fj\u00e4rde generationen som \u00e4r verksam inom f\u00f6retaget. Med \u00f6ver 100-\u00e5rs erfarenhet av s\u00e5gblad i alla dimensioner besitter vi en gedigen erfarenhet -vilket borgar f\u00f6r h\u00f6gsta kvalitet.<\/p>[\/et_pb_text][et_pb_button button_url=&#8221;@ET-DC@eyJkeW5hbWljIjp0cnVlLCJjb250ZW50IjoicG9zdF9saW5rX3VybF9wYWdlIiwic2V0dGluZ3MiOnsicG9zdF9pZCI6Ijk0In19@&#8221; button_text=&#8221;L\u00e4s mer om oss&#8221; button_alignment=&#8221;center&#8221; _builder_version=&#8221;4.24.2&#8243; _dynamic_attributes=&#8221;button_url&#8221; _module_preset=&#8221;default&#8221; global_colors_info=&#8221;{}&#8221;][\/et_pb_button][\/et_pb_column][\/et_pb_row][\/et_pb_section][et_pb_section fb_built=&#8221;1&#8243; _builder_version=&#8221;4.24.2&#8243; _module_preset=&#8221;default&#8221; global_colors_info=&#8221;{}&#8221;][et_pb_row column_structure=&#8221;1_2,1_2&#8243; _builder_version=&#8221;4.24.2&#8243; _module_preset=&#8221;default&#8221; global_colors_info=&#8221;{}&#8221;][et_pb_column type=&#8221;1_2&#8243; _builder_version=&#8221;4.24.2&#8243; _module_preset=&#8221;default&#8221; global_colors_info=&#8221;{}&#8221;][et_pb_text _builder_version=&#8221;4.24.2&#8243; _module_preset=&#8221;default&#8221; header_2_font_size=&#8221;35px&#8221; global_colors_info=&#8221;{}&#8221;]<h2>Egen tillverkning \u2013 hela v\u00e4gen<\/h2>\n<h3>S\u00e4kerhetsst\u00e4ller h\u00f6g kvalit\u00e9 i alla led.<\/h3>\n<p>I generationer har vi drivit p\u00e5 och utvecklat v\u00e5ra produkter, allt f\u00f6r att ge v\u00e5ra kunder de absolut b\u00e4sta produkterna f\u00f6r att de i sin tur ska kunna utveckla sina verksamheter.<\/p>\n<p>Betydande investeringar genom \u00e5ren och st\u00e4ndigt p\u00e5g\u00e5ende uppgraderingar i v\u00e5r maskinpark g\u00f6r att vi tillverkar alla v\u00e5ra klingor b\u00e5de, konventionella och bestyckade, till allra h\u00f6gsta kvalitet.<\/p>\n<p>Vi ligger i absoluta framkant n\u00e4r det g\u00e4ller l\u00f6dning och slipning av bestyckade klingor (HM\/ST). Detta g\u00f6r att vi har f\u00e5tt ett f\u00f6rtroende fr\u00e5n v\u00e5ra kunder och har ett mycket omfattande och n\u00e4ra samarbete med flera s\u00e5gverk r\u00f6rande service och reparationer av deras klingor.<\/p>\n<p>Nyfikenhet och en str\u00e4van att st\u00e4ndigt utvecklas tillsammans med v\u00e5ra kunder f\u00f6r att l\u00f6sa de olika behov och \u00f6nskem\u00e5l som kan uppst\u00e5, g\u00f6r att vi \u201dskr\u00e4ddarsyr\u201d mycket av v\u00e5ra kunders olika kling-typer. Det har genom \u00e5ren blivit mycket testande och finslipande p\u00e5 olika id\u00e9er som uppst\u00e5tt, n\u00e5got som bland mycket annat lett fram till v\u00e5r omtalade och mycket framg\u00e5ngsrika Frost2-tand.<\/p>\n<p>St\u00f6rsta delen av de klingor som vi nytillverkar anv\u00e4nds inom tr\u00e4industrin men vi tillverkar \u00e4ven klingor som anv\u00e4nds f\u00f6r s\u00e5gning av andra \u00e4mnen som t.ex aluminium, st\u00e5l, och koppar.<\/p>[\/et_pb_text][\/et_pb_column][et_pb_column type=&#8221;1_2&#8243; _builder_version=&#8221;4.24.2&#8243; _module_preset=&#8221;default&#8221; global_colors_info=&#8221;{}&#8221;][et_pb_image src=&#8221;https:\/\/www.nassjosawblades.se\/wp-content\/uploads\/2024\/03\/nassjosaw_produktion.webp&#8221; title_text=&#8221;nassjosaw_produktion&#8221; _builder_version=&#8221;4.24.2&#8243; _module_preset=&#8221;default&#8221; global_colors_info=&#8221;{}&#8221;][\/et_pb_image][\/et_pb_column][\/et_pb_row][\/et_pb_section]\n","protected":false},"excerpt":{"rendered":"<p>Skr\u00e4ddarsydda klingor tillverkade i N\u00e4ssj\u00f6 sedan 1902.Med \u00f6ver 100-\u00e5rs erfarenhet av s\u00e5gblad i alla dimensioner besitter vi en gedigen erfarenhet\u2013 vilket borgar f\u00f6r h\u00f6gsta kvalitet. Vi tillverkar konventionella cirkels\u00e5gklingor, bestyckade cirkels\u00e5gklingor, cirkelknivar och tillhandah\u00e5ller hj\u00e4lpverktyg. Samtliga klingor som l\u00e4mnar v\u00e5r produktion har genomg\u00e5tt en avancerad kvalitetskontroll f\u00f6r att s\u00e4kra kvaliteten p\u00e5 klingorna \u2013 inget l\u00e4mnas [&hellip;]<\/p>\n","protected":false},"author":1,"featured_media":0,"parent":0,"menu_order":0,"comment_status":"closed","ping_status":"closed","template":"","meta":{"_et_pb_use_builder":"on","_et_pb_old_content":"","_et_gb_content_width":"","footnotes":""},"class_list":["post-9","page","type-page","status-publish","hentry"],"yoast_head":"<!-- This site is optimized with the Yoast SEO plugin v27.5 - https:\/\/yoast.com\/product\/yoast-seo-wordpress\/ -->\n<title>N\u00e4ssj\u00f6 Sawblades - Svensk produktion &amp; kvalitet sedan 1902<\/title>\n<meta name=\"description\" content=\"Vi tillverkar konventionella cirkels\u00e5gklingor, bestyckade cirkels\u00e5gklingor, cirkelknivar och tillhandah\u00e5ller hj\u00e4lpverktyg.\" \/>\n<meta name=\"robots\" content=\"index, follow, max-snippet:-1, max-image-preview:large, max-video-preview:-1\" \/>\n<link rel=\"canonical\" href=\"https:\/\/www.nassjosawblades.se\/en\/\" \/>\n<meta property=\"og:locale\" content=\"en_US\" \/>\n<meta property=\"og:type\" content=\"article\" \/>\n<meta property=\"og:title\" content=\"N\u00e4ssj\u00f6 Sawblades - Svensk produktion &amp; kvalitet sedan 1902\" \/>\n<meta property=\"og:description\" content=\"Vi tillverkar konventionella cirkels\u00e5gklingor, bestyckade cirkels\u00e5gklingor, cirkelknivar och tillhandah\u00e5ller hj\u00e4lpverktyg.\" \/>\n<meta property=\"og:url\" content=\"https:\/\/www.nassjosawblades.se\/en\/\" \/>\n<meta property=\"og:site_name\" content=\"N\u00e4ssj\u00f6 Sawblades\" \/>\n<meta property=\"article:modified_time\" content=\"2024-04-23T11:27:51+00:00\" \/>\n<meta name=\"twitter:card\" content=\"summary_large_image\" \/>\n<meta name=\"twitter:label1\" content=\"Est. reading time\" \/>\n\t<meta name=\"twitter:data1\" content=\"3 minutes\" \/>\n<script type=\"application\/ld+json\" class=\"yoast-schema-graph\">{\"@context\":\"https:\\\/\\\/schema.org\",\"@graph\":[{\"@type\":\"WebPage\",\"@id\":\"https:\\\/\\\/www.nassjosawblades.se\\\/\",\"url\":\"https:\\\/\\\/www.nassjosawblades.se\\\/\",\"name\":\"N\u00e4ssj\u00f6 Sawblades - Svensk produktion & kvalitet sedan 1902\",\"isPartOf\":{\"@id\":\"https:\\\/\\\/www.nassjosawblades.se\\\/#website\"},\"datePublished\":\"2024-03-25T09:50:59+00:00\",\"dateModified\":\"2024-04-23T11:27:51+00:00\",\"description\":\"Vi tillverkar konventionella cirkels\u00e5gklingor, bestyckade cirkels\u00e5gklingor, cirkelknivar och tillhandah\u00e5ller hj\u00e4lpverktyg.\",\"breadcrumb\":{\"@id\":\"https:\\\/\\\/www.nassjosawblades.se\\\/#breadcrumb\"},\"inLanguage\":\"en-US\",\"potentialAction\":[{\"@type\":\"ReadAction\",\"target\":[\"https:\\\/\\\/www.nassjosawblades.se\\\/\"]}]},{\"@type\":\"BreadcrumbList\",\"@id\":\"https:\\\/\\\/www.nassjosawblades.se\\\/#breadcrumb\",\"itemListElement\":[{\"@type\":\"ListItem\",\"position\":1,\"name\":\"Hem\",\"item\":\"https:\\\/\\\/www.nassjosawblades.se\\\/\"},{\"@type\":\"ListItem\",\"position\":2,\"name\":\"Start\"}]},{\"@type\":\"WebSite\",\"@id\":\"https:\\\/\\\/www.nassjosawblades.se\\\/#website\",\"url\":\"https:\\\/\\\/www.nassjosawblades.se\\\/\",\"name\":\"N\u00e4ssj\u00f6 Sawblades\",\"description\":\"Made in Sweden\",\"publisher\":{\"@id\":\"https:\\\/\\\/www.nassjosawblades.se\\\/#organization\"},\"potentialAction\":[{\"@type\":\"SearchAction\",\"target\":{\"@type\":\"EntryPoint\",\"urlTemplate\":\"https:\\\/\\\/www.nassjosawblades.se\\\/?s={search_term_string}\"},\"query-input\":{\"@type\":\"PropertyValueSpecification\",\"valueRequired\":true,\"valueName\":\"search_term_string\"}}],\"inLanguage\":\"en-US\"},{\"@type\":\"Organization\",\"@id\":\"https:\\\/\\\/www.nassjosawblades.se\\\/#organization\",\"name\":\"N\u00e4ssj\u00f6 Sawblades\",\"url\":\"https:\\\/\\\/www.nassjosawblades.se\\\/\",\"logo\":{\"@type\":\"ImageObject\",\"inLanguage\":\"en-US\",\"@id\":\"https:\\\/\\\/www.nassjosawblades.se\\\/#\\\/schema\\\/logo\\\/image\\\/\",\"url\":\"https:\\\/\\\/www.nassjosawblades.se\\\/wp-content\\\/uploads\\\/2024\\\/03\\\/Nassjo_Saw_OK_flagga.svg\",\"contentUrl\":\"https:\\\/\\\/www.nassjosawblades.se\\\/wp-content\\\/uploads\\\/2024\\\/03\\\/Nassjo_Saw_OK_flagga.svg\",\"width\":1,\"height\":1,\"caption\":\"N\u00e4ssj\u00f6 Sawblades\"},\"image\":{\"@id\":\"https:\\\/\\\/www.nassjosawblades.se\\\/#\\\/schema\\\/logo\\\/image\\\/\"}}]}<\/script>\n<!-- \/ Yoast SEO plugin. -->","yoast_head_json":{"title":"N\u00e4ssj\u00f6 Sawblades - Swedish production &amp; quality since 1902","description":"Vi tillverkar konventionella cirkels\u00e5gklingor, bestyckade cirkels\u00e5gklingor, cirkelknivar och tillhandah\u00e5ller hj\u00e4lpverktyg.","robots":{"index":"index","follow":"follow","max-snippet":"max-snippet:-1","max-image-preview":"max-image-preview:large","max-video-preview":"max-video-preview:-1"},"canonical":"https:\/\/www.nassjosawblades.se\/en\/","og_locale":"en_US","og_type":"article","og_title":"N\u00e4ssj\u00f6 Sawblades - Svensk produktion & kvalitet sedan 1902","og_description":"Vi tillverkar konventionella cirkels\u00e5gklingor, bestyckade cirkels\u00e5gklingor, cirkelknivar och tillhandah\u00e5ller hj\u00e4lpverktyg.","og_url":"https:\/\/www.nassjosawblades.se\/en\/","og_site_name":"N\u00e4ssj\u00f6 Sawblades","article_modified_time":"2024-04-23T11:27:51+00:00","twitter_card":"summary_large_image","twitter_misc":{"Est. reading time":"3 minutes"},"schema":{"@context":"https:\/\/schema.org","@graph":[{"@type":"WebPage","@id":"https:\/\/www.nassjosawblades.se\/","url":"https:\/\/www.nassjosawblades.se\/","name":"N\u00e4ssj\u00f6 Sawblades - Swedish production &amp; quality since 1902","isPartOf":{"@id":"https:\/\/www.nassjosawblades.se\/#website"},"datePublished":"2024-03-25T09:50:59+00:00","dateModified":"2024-04-23T11:27:51+00:00","description":"Vi tillverkar konventionella cirkels\u00e5gklingor, bestyckade cirkels\u00e5gklingor, cirkelknivar och tillhandah\u00e5ller hj\u00e4lpverktyg.","breadcrumb":{"@id":"https:\/\/www.nassjosawblades.se\/#breadcrumb"},"inLanguage":"en-US","potentialAction":[{"@type":"ReadAction","target":["https:\/\/www.nassjosawblades.se\/"]}]},{"@type":"BreadcrumbList","@id":"https:\/\/www.nassjosawblades.se\/#breadcrumb","itemListElement":[{"@type":"ListItem","position":1,"name":"Hem","item":"https:\/\/www.nassjosawblades.se\/"},{"@type":"ListItem","position":2,"name":"Start"}]},{"@type":"WebSite","@id":"https:\/\/www.nassjosawblades.se\/#website","url":"https:\/\/www.nassjosawblades.se\/","name":"N\u00e4ssj\u00f6 Sawblades","description":"Made in Sweden","publisher":{"@id":"https:\/\/www.nassjosawblades.se\/#organization"},"potentialAction":[{"@type":"SearchAction","target":{"@type":"EntryPoint","urlTemplate":"https:\/\/www.nassjosawblades.se\/?s={search_term_string}"},"query-input":{"@type":"PropertyValueSpecification","valueRequired":true,"valueName":"search_term_string"}}],"inLanguage":"en-US"},{"@type":"Organization","@id":"https:\/\/www.nassjosawblades.se\/#organization","name":"N\u00e4ssj\u00f6 Sawblades","url":"https:\/\/www.nassjosawblades.se\/","logo":{"@type":"ImageObject","inLanguage":"en-US","@id":"https:\/\/www.nassjosawblades.se\/#\/schema\/logo\/image\/","url":"https:\/\/www.nassjosawblades.se\/wp-content\/uploads\/2024\/03\/Nassjo_Saw_OK_flagga.svg","contentUrl":"https:\/\/www.nassjosawblades.se\/wp-content\/uploads\/2024\/03\/Nassjo_Saw_OK_flagga.svg","width":1,"height":1,"caption":"N\u00e4ssj\u00f6 Sawblades"},"image":{"@id":"https:\/\/www.nassjosawblades.se\/#\/schema\/logo\/image\/"}}]}},"_links":{"self":[{"href":"https:\/\/www.nassjosawblades.se\/en\/wp-json\/wp\/v2\/pages\/9","targetHints":{"allow":["GET"]}}],"collection":[{"href":"https:\/\/www.nassjosawblades.se\/en\/wp-json\/wp\/v2\/pages"}],"about":[{"href":"https:\/\/www.nassjosawblades.se\/en\/wp-json\/wp\/v2\/types\/page"}],"author":[{"embeddable":true,"href":"https:\/\/www.nassjosawblades.se\/en\/wp-json\/wp\/v2\/users\/1"}],"replies":[{"embeddable":true,"href":"https:\/\/www.nassjosawblades.se\/en\/wp-json\/wp\/v2\/comments?post=9"}],"version-history":[{"count":17,"href":"https:\/\/www.nassjosawblades.se\/en\/wp-json\/wp\/v2\/pages\/9\/revisions"}],"predecessor-version":[{"id":176,"href":"https:\/\/www.nassjosawblades.se\/en\/wp-json\/wp\/v2\/pages\/9\/revisions\/176"}],"wp:attachment":[{"href":"https:\/\/www.nassjosawblades.se\/en\/wp-json\/wp\/v2\/media?parent=9"}],"curies":[{"name":"wp","href":"https:\/\/api.w.org\/{rel}","templated":true}]}}