{"id":113,"date":"2024-03-27T12:44:03","date_gmt":"2024-03-27T12:44:03","guid":{"rendered":"https:\/\/www.nassjosawblades.se\/?page_id=113"},"modified":"2024-04-11T06:51:24","modified_gmt":"2024-04-11T06:51:24","slug":"produkter","status":"publish","type":"page","link":"https:\/\/www.nassjosawblades.se\/en\/produkter\/","title":{"rendered":"Products"},"content":{"rendered":"<p>[et_pb_section fb_built=&#8221;1&#8243; fullwidth=&#8221;on&#8221; _builder_version=&#8221;4.24.2&#8243; _module_preset=&#8221;default&#8221; global_colors_info=&#8221;{}&#8221;][et_pb_fullwidth_header title=&#8221;Produkter&#8221; text_orientation=&#8221;center&#8221; _builder_version=&#8221;4.24.2&#8243; _module_preset=&#8221;default&#8221; title_font=&#8221;|700|||||||&#8221; title_font_size=&#8221;76px&#8221; title_line_height=&#8221;1.4em&#8221; content_font_size=&#8221;27px&#8221; background_enable_color=&#8221;off&#8221; use_background_color_gradient=&#8221;on&#8221; background_color_gradient_stops=&#8221;rgba(0,0,0,0.7) 0%|rgba(0,0,0,0.76) 100%&#8221; background_color_gradient_overlays_image=&#8221;on&#8221; background_image=&#8221;https:\/\/www.nassjosawblades.se\/wp-content\/uploads\/2024\/03\/Service_banner.webp&#8221; custom_padding=&#8221;5%||5%||false|false&#8221; hover_enabled=&#8221;0&#8243; title_text_shadow_style=&#8221;preset1&#8243; content_text_shadow_style=&#8221;preset1&#8243; global_colors_info=&#8221;{}&#8221; title_font_size_last_edited=&#8221;on|phone&#8221; title_font_size_phone=&#8221;50px&#8221; sticky_enabled=&#8221;0&#8243; title_font_size_tablet=&#8221;76px&#8221;][\/et_pb_fullwidth_header][\/et_pb_section][et_pb_section fb_built=&#8221;1&#8243; _builder_version=&#8221;4.24.2&#8243; _module_preset=&#8221;default&#8221; custom_margin=&#8221;||||false|false&#8221; custom_padding=&#8221;18px||||false|false&#8221; global_colors_info=&#8221;{}&#8221;][et_pb_row column_structure=&#8221;1_2,1_2&#8243; _builder_version=&#8221;4.24.2&#8243; _module_preset=&#8221;default&#8221; global_colors_info=&#8221;{}&#8221;][et_pb_column type=&#8221;1_2&#8243; _builder_version=&#8221;4.24.2&#8243; _module_preset=&#8221;default&#8221; global_colors_info=&#8221;{}&#8221;][et_pb_image src=&#8221;https:\/\/www.nassjosawblades.se\/wp-content\/uploads\/2024\/04\/produktkatalog-scaled.webp&#8221; title_text=&#8221;produktkatalog&#8221; url=&#8221;https:\/\/webpaper.se\/sawblades_swe\/&#8221; url_new_window=&#8221;on&#8221; align=&#8221;center&#8221; _builder_version=&#8221;4.24.2&#8243; _module_preset=&#8221;default&#8221; module_alignment=&#8221;center&#8221; max_height=&#8221;450px&#8221; global_colors_info=&#8221;{}&#8221;][\/et_pb_image][et_pb_text _builder_version=&#8221;4.24.2&#8243; _module_preset=&#8221;default&#8221; header_2_text_align=&#8221;center&#8221; header_2_font_size=&#8221;25px&#8221; text_orientation=&#8221;center&#8221; global_colors_info=&#8221;{}&#8221;]<\/p>\n<h2>Produktkatalog<\/h2>\n<p>L\u00e4s eller ladda ner v\u00e5r produktkatalog.[\/et_pb_text][et_pb_button button_url=&#8221;https:\/\/webpaper.se\/sawblades_swe\/&#8221; url_new_window=&#8221;on&#8221; button_text=&#8221;Klicka h\u00e4r&#8221; button_alignment=&#8221;center&#8221; _builder_version=&#8221;4.24.2&#8243; _module_preset=&#8221;default&#8221; global_colors_info=&#8221;{}&#8221;][\/et_pb_button][\/et_pb_column][et_pb_column type=&#8221;1_2&#8243; _builder_version=&#8221;4.24.2&#8243; _module_preset=&#8221;default&#8221; global_colors_info=&#8221;{}&#8221;][et_pb_image src=&#8221;https:\/\/www.nassjosawblades.se\/wp-content\/uploads\/2024\/04\/Frost2-scaled.webp&#8221; title_text=&#8221;Frost2&#8243; url=&#8221;\/wp-content\/uploads\/2024\/04\/Frost2.pdf&#8221; url_new_window=&#8221;on&#8221; align=&#8221;center&#8221; _builder_version=&#8221;4.24.2&#8243; _module_preset=&#8221;default&#8221; module_alignment=&#8221;center&#8221; max_height=&#8221;450px&#8221; global_colors_info=&#8221;{}&#8221;][\/et_pb_image][et_pb_text _builder_version=&#8221;4.24.2&#8243; _module_preset=&#8221;default&#8221; header_2_text_align=&#8221;center&#8221; header_2_font_size=&#8221;25px&#8221; text_orientation=&#8221;center&#8221; global_colors_info=&#8221;{}&#8221;]<\/p>\n<h2>Frost 2<\/h2>\n<p>Klingan som l\u00f6ser era problem med vinters\u00e5gning!<\/p>\n<p>[\/et_pb_text][et_pb_button button_url=&#8221;\/wp-content\/uploads\/2024\/04\/Frost2.pdf&#8221; url_new_window=&#8221;on&#8221; button_text=&#8221;Klicka h\u00e4r&#8221; button_alignment=&#8221;center&#8221; _builder_version=&#8221;4.24.2&#8243; _module_preset=&#8221;default&#8221; global_colors_info=&#8221;{}&#8221;][\/et_pb_button][\/et_pb_column][\/et_pb_row][\/et_pb_section][et_pb_section fb_built=&#8221;1&#8243; _builder_version=&#8221;4.24.2&#8243; _module_preset=&#8221;default&#8221; custom_margin=&#8221;0px||0px||false|false&#8221; custom_padding=&#8221;0px||0px||false|false&#8221; global_colors_info=&#8221;{}&#8221;][et_pb_row _builder_version=&#8221;4.24.2&#8243; _module_preset=&#8221;default&#8221; custom_margin=&#8221;0px||0px||false|false&#8221; custom_padding=&#8221;0px||0px||false|false&#8221; global_colors_info=&#8221;{}&#8221;][et_pb_column type=&#8221;4_4&#8243; _builder_version=&#8221;4.24.2&#8243; _module_preset=&#8221;default&#8221; global_colors_info=&#8221;{}&#8221;][et_pb_image src=&#8221;https:\/\/www.nassjosawblades.se\/wp-content\/uploads\/2024\/03\/klingor.webp&#8221; title_text=&#8221;klingor&#8221; align=&#8221;center&#8221; _builder_version=&#8221;4.24.2&#8243; _module_preset=&#8221;default&#8221; max_height=&#8221;350px&#8221; global_colors_info=&#8221;{}&#8221;][\/et_pb_image][\/et_pb_column][\/et_pb_row][\/et_pb_section]<\/p>\n","protected":false},"excerpt":{"rendered":"<p>Produktkatalog L\u00e4s eller ladda ner v\u00e5r produktkatalog.Frost 2 Klingan som l\u00f6ser era problem med vinters\u00e5gning!<\/p>","protected":false},"author":1,"featured_media":0,"parent":0,"menu_order":0,"comment_status":"closed","ping_status":"closed","template":"","meta":{"_et_pb_use_builder":"on","_et_pb_old_content":"","_et_gb_content_width":"","footnotes":""},"class_list":["post-113","page","type-page","status-publish","hentry"],"yoast_head":"<!-- This site is optimized with the Yoast SEO plugin v27.5 - https:\/\/yoast.com\/product\/yoast-seo-wordpress\/ -->\n<title>Produkter - N\u00e4ssj\u00f6 Sawblades<\/title>\n<meta name=\"robots\" content=\"index, follow, max-snippet:-1, max-image-preview:large, max-video-preview:-1\" \/>\n<link rel=\"canonical\" href=\"https:\/\/www.nassjosawblades.se\/en\/products\/\" \/>\n<meta property=\"og:locale\" content=\"en_US\" \/>\n<meta property=\"og:type\" content=\"article\" \/>\n<meta property=\"og:title\" content=\"Produkter - N\u00e4ssj\u00f6 Sawblades\" \/>\n<meta property=\"og:description\" content=\"Produktkatalog L\u00e4s eller ladda ner v\u00e5r produktkatalog.Frost 2 Klingan som l\u00f6ser era problem med vinters\u00e5gning!\" \/>\n<meta property=\"og:url\" content=\"https:\/\/www.nassjosawblades.se\/en\/products\/\" \/>\n<meta property=\"og:site_name\" content=\"N\u00e4ssj\u00f6 Sawblades\" \/>\n<meta property=\"article:modified_time\" content=\"2024-04-11T06:51:24+00:00\" \/>\n<meta name=\"twitter:card\" content=\"summary_large_image\" \/>\n<meta name=\"twitter:label1\" content=\"Est. reading time\" \/>\n\t<meta name=\"twitter:data1\" content=\"3 minutes\" \/>\n<script type=\"application\/ld+json\" class=\"yoast-schema-graph\">{\"@context\":\"https:\\\/\\\/schema.org\",\"@graph\":[{\"@type\":\"WebPage\",\"@id\":\"https:\\\/\\\/www.nassjosawblades.se\\\/produkter\\\/\",\"url\":\"https:\\\/\\\/www.nassjosawblades.se\\\/produkter\\\/\",\"name\":\"Produkter - N\u00e4ssj\u00f6 Sawblades\",\"isPartOf\":{\"@id\":\"https:\\\/\\\/www.nassjosawblades.se\\\/#website\"},\"datePublished\":\"2024-03-27T12:44:03+00:00\",\"dateModified\":\"2024-04-11T06:51:24+00:00\",\"breadcrumb\":{\"@id\":\"https:\\\/\\\/www.nassjosawblades.se\\\/produkter\\\/#breadcrumb\"},\"inLanguage\":\"en-US\",\"potentialAction\":[{\"@type\":\"ReadAction\",\"target\":[\"https:\\\/\\\/www.nassjosawblades.se\\\/produkter\\\/\"]}]},{\"@type\":\"BreadcrumbList\",\"@id\":\"https:\\\/\\\/www.nassjosawblades.se\\\/produkter\\\/#breadcrumb\",\"itemListElement\":[{\"@type\":\"ListItem\",\"position\":1,\"name\":\"Hem\",\"item\":\"https:\\\/\\\/www.nassjosawblades.se\\\/\"},{\"@type\":\"ListItem\",\"position\":2,\"name\":\"Produkter\"}]},{\"@type\":\"WebSite\",\"@id\":\"https:\\\/\\\/www.nassjosawblades.se\\\/#website\",\"url\":\"https:\\\/\\\/www.nassjosawblades.se\\\/\",\"name\":\"N\u00e4ssj\u00f6 Sawblades\",\"description\":\"Made in Sweden\",\"publisher\":{\"@id\":\"https:\\\/\\\/www.nassjosawblades.se\\\/#organization\"},\"potentialAction\":[{\"@type\":\"SearchAction\",\"target\":{\"@type\":\"EntryPoint\",\"urlTemplate\":\"https:\\\/\\\/www.nassjosawblades.se\\\/?s={search_term_string}\"},\"query-input\":{\"@type\":\"PropertyValueSpecification\",\"valueRequired\":true,\"valueName\":\"search_term_string\"}}],\"inLanguage\":\"en-US\"},{\"@type\":\"Organization\",\"@id\":\"https:\\\/\\\/www.nassjosawblades.se\\\/#organization\",\"name\":\"N\u00e4ssj\u00f6 Sawblades\",\"url\":\"https:\\\/\\\/www.nassjosawblades.se\\\/\",\"logo\":{\"@type\":\"ImageObject\",\"inLanguage\":\"en-US\",\"@id\":\"https:\\\/\\\/www.nassjosawblades.se\\\/#\\\/schema\\\/logo\\\/image\\\/\",\"url\":\"https:\\\/\\\/www.nassjosawblades.se\\\/wp-content\\\/uploads\\\/2024\\\/03\\\/Nassjo_Saw_OK_flagga.svg\",\"contentUrl\":\"https:\\\/\\\/www.nassjosawblades.se\\\/wp-content\\\/uploads\\\/2024\\\/03\\\/Nassjo_Saw_OK_flagga.svg\",\"width\":1,\"height\":1,\"caption\":\"N\u00e4ssj\u00f6 Sawblades\"},\"image\":{\"@id\":\"https:\\\/\\\/www.nassjosawblades.se\\\/#\\\/schema\\\/logo\\\/image\\\/\"}}]}<\/script>\n<!-- \/ Yoast SEO plugin. -->","yoast_head_json":{"title":"Products","robots":{"index":"index","follow":"follow","max-snippet":"max-snippet:-1","max-image-preview":"max-image-preview:large","max-video-preview":"max-video-preview:-1"},"canonical":"https:\/\/www.nassjosawblades.se\/en\/products\/","og_locale":"en_US","og_type":"article","og_title":"Produkter - N\u00e4ssj\u00f6 Sawblades","og_description":"Produktkatalog L\u00e4s eller ladda ner v\u00e5r produktkatalog.Frost 2 Klingan som l\u00f6ser era problem med vinters\u00e5gning!","og_url":"https:\/\/www.nassjosawblades.se\/en\/products\/","og_site_name":"N\u00e4ssj\u00f6 Sawblades","article_modified_time":"2024-04-11T06:51:24+00:00","twitter_card":"summary_large_image","twitter_misc":{"Est. reading time":"3 minutes"},"schema":{"@context":"https:\/\/schema.org","@graph":[{"@type":"WebPage","@id":"https:\/\/www.nassjosawblades.se\/produkter\/","url":"https:\/\/www.nassjosawblades.se\/produkter\/","name":"Products","isPartOf":{"@id":"https:\/\/www.nassjosawblades.se\/#website"},"datePublished":"2024-03-27T12:44:03+00:00","dateModified":"2024-04-11T06:51:24+00:00","breadcrumb":{"@id":"https:\/\/www.nassjosawblades.se\/produkter\/#breadcrumb"},"inLanguage":"en-US","potentialAction":[{"@type":"ReadAction","target":["https:\/\/www.nassjosawblades.se\/produkter\/"]}]},{"@type":"BreadcrumbList","@id":"https:\/\/www.nassjosawblades.se\/produkter\/#breadcrumb","itemListElement":[{"@type":"ListItem","position":1,"name":"Hem","item":"https:\/\/www.nassjosawblades.se\/"},{"@type":"ListItem","position":2,"name":"Produkter"}]},{"@type":"WebSite","@id":"https:\/\/www.nassjosawblades.se\/#website","url":"https:\/\/www.nassjosawblades.se\/","name":"N\u00e4ssj\u00f6 Sawblades","description":"Made in Sweden","publisher":{"@id":"https:\/\/www.nassjosawblades.se\/#organization"},"potentialAction":[{"@type":"SearchAction","target":{"@type":"EntryPoint","urlTemplate":"https:\/\/www.nassjosawblades.se\/?s={search_term_string}"},"query-input":{"@type":"PropertyValueSpecification","valueRequired":true,"valueName":"search_term_string"}}],"inLanguage":"en-US"},{"@type":"Organization","@id":"https:\/\/www.nassjosawblades.se\/#organization","name":"N\u00e4ssj\u00f6 Sawblades","url":"https:\/\/www.nassjosawblades.se\/","logo":{"@type":"ImageObject","inLanguage":"en-US","@id":"https:\/\/www.nassjosawblades.se\/#\/schema\/logo\/image\/","url":"https:\/\/www.nassjosawblades.se\/wp-content\/uploads\/2024\/03\/Nassjo_Saw_OK_flagga.svg","contentUrl":"https:\/\/www.nassjosawblades.se\/wp-content\/uploads\/2024\/03\/Nassjo_Saw_OK_flagga.svg","width":1,"height":1,"caption":"N\u00e4ssj\u00f6 Sawblades"},"image":{"@id":"https:\/\/www.nassjosawblades.se\/#\/schema\/logo\/image\/"}}]}},"_links":{"self":[{"href":"https:\/\/www.nassjosawblades.se\/en\/wp-json\/wp\/v2\/pages\/113","targetHints":{"allow":["GET"]}}],"collection":[{"href":"https:\/\/www.nassjosawblades.se\/en\/wp-json\/wp\/v2\/pages"}],"about":[{"href":"https:\/\/www.nassjosawblades.se\/en\/wp-json\/wp\/v2\/types\/page"}],"author":[{"embeddable":true,"href":"https:\/\/www.nassjosawblades.se\/en\/wp-json\/wp\/v2\/users\/1"}],"replies":[{"embeddable":true,"href":"https:\/\/www.nassjosawblades.se\/en\/wp-json\/wp\/v2\/comments?post=113"}],"version-history":[{"count":8,"href":"https:\/\/www.nassjosawblades.se\/en\/wp-json\/wp\/v2\/pages\/113\/revisions"}],"predecessor-version":[{"id":133,"href":"https:\/\/www.nassjosawblades.se\/en\/wp-json\/wp\/v2\/pages\/113\/revisions\/133"}],"wp:attachment":[{"href":"https:\/\/www.nassjosawblades.se\/en\/wp-json\/wp\/v2\/media?parent=113"}],"curies":[{"name":"wp","href":"https:\/\/api.w.org\/{rel}","templated":true}]}}